{"id":9211,"date":"2022-06-15T07:39:50","date_gmt":"2022-06-15T05:39:50","guid":{"rendered":"https:\/\/apartmajitopolsica.si\/?page_id=9211"},"modified":"2023-06-16T15:27:13","modified_gmt":"2023-06-16T13:27:13","slug":"kolacici","status":"publish","type":"page","link":"https:\/\/www.apartmajitopolsica.si\/hr\/kolacici\/","title":{"rendered":"Kola\u010di\u0107i"},"content":{"rendered":"\t\t<div data-elementor-type=\"wp-page\" data-elementor-id=\"9211\" class=\"elementor elementor-9211 elementor-5979\">\n\t\t\t\t\t\t<section class=\"th-parallax elementor-section elementor-top-section elementor-element elementor-element-2230d58c elementor-section-height-min-height elementor-section-boxed elementor-section-height-default elementor-section-items-middle\" data-parallax=\"scroll\" data-image-src=\"https:\/\/apartmajitopolsica.si\/wp-content\/uploads\/2022\/07\/fotogalerija-2.jpg\" data-id=\"2230d58c\" data-element_type=\"section\" data-e-type=\"section\" data-settings=\"{&quot;background_background&quot;:&quot;classic&quot;}\">\n\t\t\t\t\t\t\t<div class=\"elementor-background-overlay\"><\/div>\n\t\t\t\t\t\t\t<div class=\"elementor-container elementor-column-gap-default\">\n\t\t\t\t\t<div class=\"elementor-column elementor-col-100 elementor-top-column elementor-element elementor-element-4a8aa24c\" data-id=\"4a8aa24c\" data-element_type=\"column\" data-e-type=\"column\">\n\t\t\t<div class=\"elementor-widget-wrap elementor-element-populated\">\n\t\t\t\t\t\t<div class=\"elementor-element elementor-element-3b590ed elementor-view-default elementor-position-top elementor-widget elementor-widget-themo-header\" data-id=\"3b590ed\" data-element_type=\"widget\" data-e-type=\"widget\" data-widget_type=\"themo-header.default\">\n\t\t\t\t<div class=\"elementor-widget-container\">\n\t\t\t\t\t\t\t<div class=\"th-header-wrap\">\n        <div class=\"elementor-icon-box-wrapper \">\n                            <div class=\"elementor-icon-box-content\">\n                    <h1 class=\"elementor-icon-box-title\">\n                        Kola\u010di\u0107i                    <\/h1>\n                                            <span class=\"th-header-divider\"><\/span>\n                                        <p class=\"elementor-icon-box-description\"><\/p>\n\n                                    <\/div>\n            <\/div>\n\n        <\/div>\n\n\t\t\t\t\t\t<\/div>\n\t\t\t\t<\/div>\n\t\t\t\t\t<\/div>\n\t\t<\/div>\n\t\t\t\t\t<\/div>\n\t\t<\/section>\n\t\t\t\t<section class=\"elementor-section elementor-top-section elementor-element elementor-element-720fc5d6 elementor-section-boxed elementor-section-height-default elementor-section-height-default\" data-id=\"720fc5d6\" data-element_type=\"section\" data-e-type=\"section\" data-settings=\"{&quot;background_background&quot;:&quot;classic&quot;}\">\n\t\t\t\t\t\t<div class=\"elementor-container elementor-column-gap-default\">\n\t\t\t\t\t<div class=\"elementor-column elementor-col-100 elementor-top-column elementor-element elementor-element-03a6f94\" data-id=\"03a6f94\" data-element_type=\"column\" data-e-type=\"column\">\n\t\t\t<div class=\"elementor-widget-wrap elementor-element-populated\">\n\t\t\t\t\t\t<div class=\"elementor-element elementor-element-8c9a8c6 elementor-widget elementor-widget-text-editor\" data-id=\"8c9a8c6\" data-element_type=\"widget\" data-e-type=\"widget\" data-widget_type=\"text-editor.default\">\n\t\t\t\t<div class=\"elementor-widget-container\">\n\t\t\t\t\t\t\t\t\t<p>Na na\u0161oj mre\u017enoj stranici koristimo kola\u010di\u0107e (cookies). Kola\u010di\u0107i su male txt datoteke koje va\u0161 preglednik (Firefox, Chrome, Opera ili Internet Explorer) preuzima na va\u0161e ra\u010dunalo prilikom pretra\u017eivanja interneta.<\/p><p>Sukladno preporukama povjerenika za informacije, na na\u0161oj mre\u017enoj stranici smo postavili obavijest o kori\u0161tenju kola\u010di\u0107a, istovremeno smo vam omogu\u0107ili da odaberete kola\u010di\u0107e koje \u017eelite koristiti, a koje ne.<\/p><h2>Vrste kola\u010di\u0107a na stranici www.apartmajitopolsica.si<\/h2><h3>Obavezni kola\u010di\u0107i<\/h3><p>Obavezni kola\u010di\u0107i su kola\u010di\u0107i koji su nu\u017eno potrebni za pravilno funkcioniranje mre\u017ene stranice. To su, na primjer, kola\u010di\u0107i za upravljanje sesijama (session) prijavljenih naru\u010ditelja i kola\u010di\u0107i koji se pospremaju na va\u0161e ra\u010dunalo kako bismo prilikom va\u0161eg sljede\u0107eg posjeta na\u0161oj mre\u017enoj stranici znali koje kola\u010di\u0107e dopu\u0161tate, a koje ne.<\/p><p>\n<table id=\"tablepress-14\" class=\"tablepress tablepress-id-14\">\n<thead>\n<tr class=\"row-1\">\n\t<th class=\"column-1\">Naziv kola\u010di\u0107a<\/th><th class=\"column-2\">Namjena upotrebe<\/th><th class=\"column-3\">Vrijeme trajanja<\/th>\n<\/tr>\n<\/thead>\n<tbody class=\"row-striping row-hover\">\n<tr class=\"row-2\">\n\t<td class=\"column-1\">PHPSESSID<\/td><td class=\"column-2\">Uspostavljanje rada stranice.<\/td><td class=\"column-3\">Za vrijeme odr\u017eavanja sesije<\/td>\n<\/tr>\n<tr class=\"row-3\">\n\t<td class=\"column-1\">wordpress_test_cookie<\/td><td class=\"column-2\">Uspostavljanje rada stranice.<\/td><td class=\"column-3\">Za vrijeme odr\u017eavanja sesije<\/td>\n<\/tr>\n<tr class=\"row-4\">\n\t<td class=\"column-1\">Cookie_notice_accepted<\/td><td class=\"column-2\">Kola\u010di\u0107 koji sprema postavke kola\u010di\u0107a.<\/td><td class=\"column-3\">1 godina<\/td>\n<\/tr>\n<tr class=\"row-5\">\n\t<td class=\"column-1\">tk_ai<\/td><td class=\"column-2\">Kola\u010di\u0107 koji pohranjuje nasumi\u010dno generirani anonimni ID. (Koristi se samo u administrativnom podru\u010dju za op\u0107u analizu pra\u0107enja)<\/td><td class=\"column-3\">Za vrijeme odr\u017eavanja sesije<\/td>\n<\/tr>\n<\/tbody>\n<\/table>\n<!-- #tablepress-14 from cache --><\/p><h3>Statistika posjeta<\/h3><p>Kao upravitelji mre\u017ene stranice dpf-ciscenje.si, \u017eelimo znati gdje se na\u0161i posjetitelji zadr\u017eavaju, koji su od pojedinih sadr\u017eaja najposje\u0107eniji i odakle uop\u0107e dolazite na na\u0161u mre\u017enu stranicu. Ovo je na\u0161a jedina povratna informacija i uglavnom jedini kontakt s na\u0161im posjetiteljima. Zbog toga bilje\u017eimo statistiku posjeta.<\/p><p>Na temelju kola\u010di\u0107a koje pospremimo na va\u0161e ra\u010dunalo mo\u017eemo znati jeste li nas posjetili po prvi put ili ste na\u0161 redoviti posjetitelj.<\/p><p>\n<table id=\"tablepress-15\" class=\"tablepress tablepress-id-15\">\n<thead>\n<tr class=\"row-1\">\n\t<th class=\"column-1\">Naziv kola\u010di\u0107a<\/th><th class=\"column-2\">Namjena upotrebe<\/th><th class=\"column-3\">\u010cas trajanja<\/th><th class=\"column-4\">Podjetje<\/th>\n<\/tr>\n<\/thead>\n<tbody class=\"row-striping row-hover\">\n<tr class=\"row-2\">\n\t<td class=\"column-1\">_ga<\/td><td class=\"column-2\">Bilje\u017ei razliku izme\u0111u korisnika (sesija).<\/td><td class=\"column-3\">2 godine<\/td><td class=\"column-4\">Google Inc<\/td>\n<\/tr>\n<tr class=\"row-3\">\n\t<td class=\"column-1\">_gid<\/td><td class=\"column-2\">Bilje\u017ei jedinstvene korisnike<\/td><td class=\"column-3\">24 sata<\/td><td class=\"column-4\">Google Inc<\/td>\n<\/tr>\n<tr class=\"row-4\">\n\t<td class=\"column-1\">_gat<\/td><td class=\"column-2\">Bilje\u017ei novog korisnika (sesiju).<\/td><td class=\"column-3\">1 minuta<\/td><td class=\"column-4\">Google Inc<\/td>\n<\/tr>\n<\/tbody>\n<\/table>\n<!-- #tablepress-15 from cache --><\/p><h3>Mogu li u potpunosti izbje\u0107i u\u010ditavanje kola\u010di\u0107a?<\/h3><p>Ako ne \u017eelite preuzeti kola\u010di\u0107e s na\u0161e mre\u017ene stranice na va\u0161e ra\u010dunalo, ovu zna\u010dajku mo\u017eete isklju\u010diti u postavkama va\u0161eg preglednika. U tom slu\u010daju ne\u0107ete primati nikakve kola\u010di\u0107e. Ako va\u0161 preglednik ne podr\u017eava takve postavke, predla\u017eemo da ga odmah zamijenite suvremenijim i sigurnijim preglednikom. Velika ve\u0107ina preglednika koji se koriste (99%) uklju\u010duje mogu\u0107nost pode\u0161avanja razine privatnosti i sprje\u010davanja u\u010ditavanja kola\u010di\u0107a.<\/p><h3>Kako mogu ukloniti stvorene kola\u010di\u0107e?<\/h3><ul><li><a href=\"https:\/\/support.google.com\/chrome\/answer\/95647?hl=sl-sl&amp;p=cpn_cookies\" target=\"_blank\" rel=\"nofollow noopener noreferrer\">Preglednik Google Chrome<\/a><\/li><li><a href=\"http:\/\/support.mozilla.org\/sl\/kb\/kako-omogocite-onemogocite-piskote-v-katerih-splet?redirectlocale=sl&amp;redirectslug=Kako+aktivirate+in+deaktivirate+pi%C5%A1kote\" target=\"_blank\" rel=\"nofollow noopener noreferrer\">Preglednik Mozilla Firefox<\/a><\/li><li><a href=\"http:\/\/windows.microsoft.com\/sl-si\/windows7\/how-to-manage-cookies-in-internet-explorer-9\" target=\"_blank\" rel=\"nofollow noopener noreferrer\">Preglednik Internet Explorer 9<\/a><\/li><li><a href=\"http:\/\/windows.microsoft.com\/sl-si\/windows-vista\/block-or-allow-cookies\" target=\"_blank\" rel=\"nofollow noopener noreferrer\">Preglednik Internet Explorer 7 in 8<\/a><\/li><li><a href=\"http:\/\/www.opera.com\/help\/tutorials\/security\/cookies\/\" target=\"_blank\" rel=\"nofollow noopener noreferrer\">Preglednik Opera (angl)<\/a><\/li><li><a href=\"http:\/\/support.apple.com\/kb\/PH11913\" target=\"_blank\" rel=\"nofollow noopener noreferrer\">Preglednik Safari (angl)<\/a><\/li><\/ul><h2>Za\u0161tita osobnih podataka<\/h2><p>Osobni podaci uneseni u internetski obrazac za\u0161ti\u0107eni su i pohranjeni u skladu s GDPR-om.<\/p>\t\t\t\t\t\t\t\t<\/div>\n\t\t\t\t<\/div>\n\t\t\t\t\t<\/div>\n\t\t<\/div>\n\t\t\t\t\t<\/div>\n\t\t<\/section>\n\t\t\t\t<\/div>\n\t\t","protected":false},"excerpt":{"rendered":"<p>Kola\u010di\u0107i Na na\u0161oj mre\u017enoj stranici koristimo kola\u010di\u0107e (cookies). Kola\u010di\u0107i su male txt datoteke koje va\u0161 preglednik (Firefox, Chrome, Opera ili Internet Explorer) preuzima na va\u0161e ra\u010dunalo prilikom pretra\u017eivanja interneta. Sukladno preporukama povjerenika za informacije, na na\u0161oj mre\u017enoj stranici smo postavili &hellip; <a href=\"https:\/\/www.apartmajitopolsica.si\/hr\/kolacici\/\">Read More<\/a><\/p>\n","protected":false},"author":1,"featured_media":0,"parent":0,"menu_order":17,"comment_status":"closed","ping_status":"closed","template":"","meta":{"footnotes":""},"class_list":["post-9211","page","type-page","status-publish","hentry"],"yoast_head":"<!-- This site is optimized with the Yoast SEO plugin v27.2 - https:\/\/yoast.com\/product\/yoast-seo-wordpress\/ -->\n<title>Kola\u010di\u0107i - ApartmajiTopol\u0161ica.si<\/title>\n<meta name=\"robots\" content=\"noindex, nofollow\" \/>\n<meta property=\"og:locale\" content=\"hr_HR\" \/>\n<meta property=\"og:type\" content=\"article\" \/>\n<meta property=\"og:title\" content=\"Kola\u010di\u0107i - ApartmajiTopol\u0161ica.si\" \/>\n<meta property=\"og:description\" content=\"Kola\u010di\u0107i Na na\u0161oj mre\u017enoj stranici koristimo kola\u010di\u0107e (cookies). Kola\u010di\u0107i su male txt datoteke koje va\u0161 preglednik (Firefox, Chrome, Opera ili Internet Explorer) preuzima na va\u0161e ra\u010dunalo prilikom pretra\u017eivanja interneta. Sukladno preporukama povjerenika za informacije, na na\u0161oj mre\u017enoj stranici smo postavili &hellip; Read More\" \/>\n<meta property=\"og:url\" content=\"https:\/\/www.apartmajitopolsica.si\/hr\/kolacici\/\" \/>\n<meta property=\"og:site_name\" content=\"ApartmajiTopol\u0161ica.si\" \/>\n<meta property=\"article:modified_time\" content=\"2023-06-16T13:27:13+00:00\" \/>\n<meta name=\"twitter:card\" content=\"summary_large_image\" \/>\n<meta name=\"twitter:label1\" content=\"Procijenjeno vrijeme \u010ditanja\" \/>\n\t<meta name=\"twitter:data1\" content=\"2 minute\" \/>\n<script type=\"application\/ld+json\" class=\"yoast-schema-graph\">{\"@context\":\"https:\/\/schema.org\",\"@graph\":[{\"@type\":\"WebPage\",\"@id\":\"https:\/\/www.apartmajitopolsica.si\/hr\/kolacici\/\",\"url\":\"https:\/\/www.apartmajitopolsica.si\/hr\/kolacici\/\",\"name\":\"Kola\u010di\u0107i - ApartmajiTopol\u0161ica.si\",\"isPartOf\":{\"@id\":\"https:\/\/www.apartmajitopolsica.si\/#website\"},\"datePublished\":\"2022-06-15T05:39:50+00:00\",\"dateModified\":\"2023-06-16T13:27:13+00:00\",\"breadcrumb\":{\"@id\":\"https:\/\/www.apartmajitopolsica.si\/hr\/kolacici\/#breadcrumb\"},\"inLanguage\":\"hr\",\"potentialAction\":[{\"@type\":\"ReadAction\",\"target\":[\"https:\/\/www.apartmajitopolsica.si\/hr\/kolacici\/\"]}]},{\"@type\":\"BreadcrumbList\",\"@id\":\"https:\/\/www.apartmajitopolsica.si\/hr\/kolacici\/#breadcrumb\",\"itemListElement\":[{\"@type\":\"ListItem\",\"position\":1,\"name\":\"Home\",\"item\":\"https:\/\/www.apartmajitopolsica.si\/\"},{\"@type\":\"ListItem\",\"position\":2,\"name\":\"Kola\u010di\u0107i\"}]},{\"@type\":\"WebSite\",\"@id\":\"https:\/\/www.apartmajitopolsica.si\/#website\",\"url\":\"https:\/\/www.apartmajitopolsica.si\/\",\"name\":\"ApartmajiTopol\u0161ica.si\",\"description\":\"Popolna sprostitev\",\"publisher\":{\"@id\":\"https:\/\/www.apartmajitopolsica.si\/#organization\"},\"potentialAction\":[{\"@type\":\"SearchAction\",\"target\":{\"@type\":\"EntryPoint\",\"urlTemplate\":\"https:\/\/www.apartmajitopolsica.si\/?s={search_term_string}\"},\"query-input\":{\"@type\":\"PropertyValueSpecification\",\"valueRequired\":true,\"valueName\":\"search_term_string\"}}],\"inLanguage\":\"hr\"},{\"@type\":\"Organization\",\"@id\":\"https:\/\/www.apartmajitopolsica.si\/#organization\",\"name\":\"ApartmajiTopol\u0161ica.si\",\"url\":\"https:\/\/www.apartmajitopolsica.si\/\",\"logo\":{\"@type\":\"ImageObject\",\"inLanguage\":\"hr\",\"@id\":\"https:\/\/www.apartmajitopolsica.si\/#\/schema\/logo\/image\/\",\"url\":\"https:\/\/www.apartmajitopolsica.si\/wp-content\/uploads\/2023\/06\/apartmaji-topolsica-bel-logo-1.png\",\"contentUrl\":\"https:\/\/www.apartmajitopolsica.si\/wp-content\/uploads\/2023\/06\/apartmaji-topolsica-bel-logo-1.png\",\"width\":160,\"height\":70,\"caption\":\"ApartmajiTopol\u0161ica.si\"},\"image\":{\"@id\":\"https:\/\/www.apartmajitopolsica.si\/#\/schema\/logo\/image\/\"}}]}<\/script>\n<!-- \/ Yoast SEO plugin. -->","yoast_head_json":{"title":"Kola\u010di\u0107i - ApartmajiTopol\u0161ica.si","robots":{"index":"noindex","follow":"nofollow"},"og_locale":"hr_HR","og_type":"article","og_title":"Kola\u010di\u0107i - ApartmajiTopol\u0161ica.si","og_description":"Kola\u010di\u0107i Na na\u0161oj mre\u017enoj stranici koristimo kola\u010di\u0107e (cookies). Kola\u010di\u0107i su male txt datoteke koje va\u0161 preglednik (Firefox, Chrome, Opera ili Internet Explorer) preuzima na va\u0161e ra\u010dunalo prilikom pretra\u017eivanja interneta. Sukladno preporukama povjerenika za informacije, na na\u0161oj mre\u017enoj stranici smo postavili &hellip; Read More","og_url":"https:\/\/www.apartmajitopolsica.si\/hr\/kolacici\/","og_site_name":"ApartmajiTopol\u0161ica.si","article_modified_time":"2023-06-16T13:27:13+00:00","twitter_card":"summary_large_image","twitter_misc":{"Procijenjeno vrijeme \u010ditanja":"2 minute"},"schema":{"@context":"https:\/\/schema.org","@graph":[{"@type":"WebPage","@id":"https:\/\/www.apartmajitopolsica.si\/hr\/kolacici\/","url":"https:\/\/www.apartmajitopolsica.si\/hr\/kolacici\/","name":"Kola\u010di\u0107i - ApartmajiTopol\u0161ica.si","isPartOf":{"@id":"https:\/\/www.apartmajitopolsica.si\/#website"},"datePublished":"2022-06-15T05:39:50+00:00","dateModified":"2023-06-16T13:27:13+00:00","breadcrumb":{"@id":"https:\/\/www.apartmajitopolsica.si\/hr\/kolacici\/#breadcrumb"},"inLanguage":"hr","potentialAction":[{"@type":"ReadAction","target":["https:\/\/www.apartmajitopolsica.si\/hr\/kolacici\/"]}]},{"@type":"BreadcrumbList","@id":"https:\/\/www.apartmajitopolsica.si\/hr\/kolacici\/#breadcrumb","itemListElement":[{"@type":"ListItem","position":1,"name":"Home","item":"https:\/\/www.apartmajitopolsica.si\/"},{"@type":"ListItem","position":2,"name":"Kola\u010di\u0107i"}]},{"@type":"WebSite","@id":"https:\/\/www.apartmajitopolsica.si\/#website","url":"https:\/\/www.apartmajitopolsica.si\/","name":"ApartmajiTopol\u0161ica.si","description":"Popolna sprostitev","publisher":{"@id":"https:\/\/www.apartmajitopolsica.si\/#organization"},"potentialAction":[{"@type":"SearchAction","target":{"@type":"EntryPoint","urlTemplate":"https:\/\/www.apartmajitopolsica.si\/?s={search_term_string}"},"query-input":{"@type":"PropertyValueSpecification","valueRequired":true,"valueName":"search_term_string"}}],"inLanguage":"hr"},{"@type":"Organization","@id":"https:\/\/www.apartmajitopolsica.si\/#organization","name":"ApartmajiTopol\u0161ica.si","url":"https:\/\/www.apartmajitopolsica.si\/","logo":{"@type":"ImageObject","inLanguage":"hr","@id":"https:\/\/www.apartmajitopolsica.si\/#\/schema\/logo\/image\/","url":"https:\/\/www.apartmajitopolsica.si\/wp-content\/uploads\/2023\/06\/apartmaji-topolsica-bel-logo-1.png","contentUrl":"https:\/\/www.apartmajitopolsica.si\/wp-content\/uploads\/2023\/06\/apartmaji-topolsica-bel-logo-1.png","width":160,"height":70,"caption":"ApartmajiTopol\u0161ica.si"},"image":{"@id":"https:\/\/www.apartmajitopolsica.si\/#\/schema\/logo\/image\/"}}]}},"_links":{"self":[{"href":"https:\/\/www.apartmajitopolsica.si\/hr\/wp-json\/wp\/v2\/pages\/9211","targetHints":{"allow":["GET"]}}],"collection":[{"href":"https:\/\/www.apartmajitopolsica.si\/hr\/wp-json\/wp\/v2\/pages"}],"about":[{"href":"https:\/\/www.apartmajitopolsica.si\/hr\/wp-json\/wp\/v2\/types\/page"}],"author":[{"embeddable":true,"href":"https:\/\/www.apartmajitopolsica.si\/hr\/wp-json\/wp\/v2\/users\/1"}],"replies":[{"embeddable":true,"href":"https:\/\/www.apartmajitopolsica.si\/hr\/wp-json\/wp\/v2\/comments?post=9211"}],"version-history":[{"count":12,"href":"https:\/\/www.apartmajitopolsica.si\/hr\/wp-json\/wp\/v2\/pages\/9211\/revisions"}],"predecessor-version":[{"id":18208,"href":"https:\/\/www.apartmajitopolsica.si\/hr\/wp-json\/wp\/v2\/pages\/9211\/revisions\/18208"}],"wp:attachment":[{"href":"https:\/\/www.apartmajitopolsica.si\/hr\/wp-json\/wp\/v2\/media?parent=9211"}],"curies":[{"name":"wp","href":"https:\/\/api.w.org\/{rel}","templated":true}]}}