{"id":9258,"date":"2022-06-14T14:27:10","date_gmt":"2022-06-14T12:27:10","guid":{"rendered":"https:\/\/apartmajitopolsica.si\/?page_id=9258"},"modified":"2023-06-16T14:16:42","modified_gmt":"2023-06-16T12:16:42","slug":"vrijeme","status":"publish","type":"page","link":"https:\/\/www.apartmajitopolsica.si\/hr\/vrijeme\/","title":{"rendered":"Vrijeme"},"content":{"rendered":"\t\t<div data-elementor-type=\"wp-page\" data-elementor-id=\"9258\" class=\"elementor elementor-9258 elementor-5881\">\n\t\t\t\t\t\t<section class=\"th-parallax elementor-section elementor-top-section elementor-element elementor-element-2230d58c elementor-section-height-min-height elementor-section-boxed elementor-section-height-default elementor-section-items-middle\" data-parallax=\"scroll\" data-image-src=\"https:\/\/www.apartmajitopolsica.si\/wp-content\/uploads\/2023\/03\/ocepkov-gaj.jpg\" data-id=\"2230d58c\" data-element_type=\"section\" data-e-type=\"section\" data-settings=\"{&quot;background_background&quot;:&quot;classic&quot;}\">\n\t\t\t\t\t\t\t<div class=\"elementor-background-overlay\"><\/div>\n\t\t\t\t\t\t\t<div class=\"elementor-container elementor-column-gap-default\">\n\t\t\t\t\t<div class=\"elementor-column elementor-col-100 elementor-top-column elementor-element elementor-element-4a8aa24c\" data-id=\"4a8aa24c\" data-element_type=\"column\" data-e-type=\"column\">\n\t\t\t<div class=\"elementor-widget-wrap elementor-element-populated\">\n\t\t\t\t\t\t<div class=\"elementor-element elementor-element-3b590ed elementor-view-default elementor-position-top elementor-widget elementor-widget-themo-header\" data-id=\"3b590ed\" data-element_type=\"widget\" data-e-type=\"widget\" data-widget_type=\"themo-header.default\">\n\t\t\t\t<div class=\"elementor-widget-container\">\n\t\t\t\t\t\t\t<div class=\"th-header-wrap\">\n        <div class=\"elementor-icon-box-wrapper \">\n                            <div class=\"elementor-icon-box-content\">\n                    <h1 class=\"elementor-icon-box-title\">\n                        Vrijeme                    <\/h1>\n                                            <span class=\"th-header-divider\"><\/span>\n                                        <p class=\"elementor-icon-box-description\"><\/p>\n\n                                    <\/div>\n            <\/div>\n\n        <\/div>\n\n\t\t\t\t\t\t<\/div>\n\t\t\t\t<\/div>\n\t\t\t\t\t<\/div>\n\t\t<\/div>\n\t\t\t\t\t<\/div>\n\t\t<\/section>\n\t\t\t\t<section class=\"elementor-section elementor-top-section elementor-element elementor-element-720fc5d6 elementor-section-boxed elementor-section-height-default elementor-section-height-default\" data-id=\"720fc5d6\" data-element_type=\"section\" data-e-type=\"section\" data-settings=\"{&quot;background_background&quot;:&quot;classic&quot;}\">\n\t\t\t\t\t\t<div class=\"elementor-container elementor-column-gap-default\">\n\t\t\t\t\t<div class=\"elementor-column elementor-col-100 elementor-top-column elementor-element elementor-element-03a6f94\" data-id=\"03a6f94\" data-element_type=\"column\" data-e-type=\"column\">\n\t\t\t<div class=\"elementor-widget-wrap elementor-element-populated\">\n\t\t\t\t\t\t<div class=\"elementor-element elementor-element-1d1eec6 elementor-widget elementor-widget-text-editor\" data-id=\"1d1eec6\" data-element_type=\"widget\" data-e-type=\"widget\" data-widget_type=\"text-editor.default\">\n\t\t\t\t<div class=\"elementor-widget-container\">\n\t\t\t\t\t\t\t\t\t<p>Planirate posjet? \u017delite li prije dolaska provjeriti vremensku prognozu za okolna mjesta? Pogledajte vrijeme u Topol\u0161icu da znate \u0161to mo\u017eete o\u010dekivati. Vidimo se!<\/p>\t\t\t\t\t\t\t\t<\/div>\n\t\t\t\t<\/div>\n\t\t\t\t<div class=\"elementor-element elementor-element-043e904 elementor-widget elementor-widget-text-editor\" data-id=\"043e904\" data-element_type=\"widget\" data-e-type=\"widget\" data-widget_type=\"text-editor.default\">\n\t\t\t\t<div class=\"elementor-widget-container\">\n\t\t\t\t\t\t\t\t\t<iframe style=\"border: 0; height: 185px; width: 100%;\" src=\"https:\/\/vreme.arso.gov.si\/widget\/?&amp;loc=Velenje\"><span data-mce-type=\"bookmark\" style=\"display: inline-block; width: 0px; overflow: hidden; line-height: 0;\" class=\"mce_SELRES_start\">\ufeff<\/span><\/iframe>\t\t\t\t\t\t\t\t<\/div>\n\t\t\t\t<\/div>\n\t\t\t\t\t<\/div>\n\t\t<\/div>\n\t\t\t\t\t<\/div>\n\t\t<\/section>\n\t\t\t\t<\/div>\n\t\t","protected":false},"excerpt":{"rendered":"<p>Vrijeme Planirate posjet? \u017delite li prije dolaska provjeriti vremensku prognozu za okolna mjesta? Pogledajte vrijeme u Topol\u0161icu da znate \u0161to mo\u017eete o\u010dekivati. Vidimo se! \ufeff<\/p>\n","protected":false},"author":1,"featured_media":0,"parent":0,"menu_order":6,"comment_status":"closed","ping_status":"closed","template":"","meta":{"footnotes":""},"class_list":["post-9258","page","type-page","status-publish","hentry"],"yoast_head":"<!-- This site is optimized with the Yoast SEO plugin v27.2 - https:\/\/yoast.com\/product\/yoast-seo-wordpress\/ -->\n<title>Vrijeme - ApartmajiTopol\u0161ica.si<\/title>\n<meta name=\"robots\" content=\"index, follow, max-snippet:-1, max-image-preview:large, max-video-preview:-1\" \/>\n<link rel=\"canonical\" href=\"https:\/\/www.apartmajitopolsica.si\/hr\/vrijeme\/\" \/>\n<meta property=\"og:locale\" content=\"hr_HR\" \/>\n<meta property=\"og:type\" content=\"article\" \/>\n<meta property=\"og:title\" content=\"Vrijeme - ApartmajiTopol\u0161ica.si\" \/>\n<meta property=\"og:description\" content=\"Vrijeme Planirate posjet? \u017delite li prije dolaska provjeriti vremensku prognozu za okolna mjesta? Pogledajte vrijeme u Topol\u0161icu da znate \u0161to mo\u017eete o\u010dekivati. Vidimo se! \ufeff\" \/>\n<meta property=\"og:url\" content=\"https:\/\/www.apartmajitopolsica.si\/hr\/vrijeme\/\" \/>\n<meta property=\"og:site_name\" content=\"ApartmajiTopol\u0161ica.si\" \/>\n<meta property=\"article:modified_time\" content=\"2023-06-16T12:16:42+00:00\" \/>\n<meta name=\"twitter:card\" content=\"summary_large_image\" \/>\n<meta name=\"twitter:label1\" content=\"Procijenjeno vrijeme \u010ditanja\" \/>\n\t<meta name=\"twitter:data1\" content=\"1 minuta\" \/>\n<script type=\"application\/ld+json\" class=\"yoast-schema-graph\">{\"@context\":\"https:\/\/schema.org\",\"@graph\":[{\"@type\":\"WebPage\",\"@id\":\"https:\/\/www.apartmajitopolsica.si\/hr\/vrijeme\/\",\"url\":\"https:\/\/www.apartmajitopolsica.si\/hr\/vrijeme\/\",\"name\":\"Vrijeme - ApartmajiTopol\u0161ica.si\",\"isPartOf\":{\"@id\":\"https:\/\/www.apartmajitopolsica.si\/#website\"},\"datePublished\":\"2022-06-14T12:27:10+00:00\",\"dateModified\":\"2023-06-16T12:16:42+00:00\",\"breadcrumb\":{\"@id\":\"https:\/\/www.apartmajitopolsica.si\/hr\/vrijeme\/#breadcrumb\"},\"inLanguage\":\"hr\",\"potentialAction\":[{\"@type\":\"ReadAction\",\"target\":[\"https:\/\/www.apartmajitopolsica.si\/hr\/vrijeme\/\"]}]},{\"@type\":\"BreadcrumbList\",\"@id\":\"https:\/\/www.apartmajitopolsica.si\/hr\/vrijeme\/#breadcrumb\",\"itemListElement\":[{\"@type\":\"ListItem\",\"position\":1,\"name\":\"Home\",\"item\":\"https:\/\/www.apartmajitopolsica.si\/\"},{\"@type\":\"ListItem\",\"position\":2,\"name\":\"Vrijeme\"}]},{\"@type\":\"WebSite\",\"@id\":\"https:\/\/www.apartmajitopolsica.si\/#website\",\"url\":\"https:\/\/www.apartmajitopolsica.si\/\",\"name\":\"ApartmajiTopol\u0161ica.si\",\"description\":\"Popolna sprostitev\",\"publisher\":{\"@id\":\"https:\/\/www.apartmajitopolsica.si\/#organization\"},\"potentialAction\":[{\"@type\":\"SearchAction\",\"target\":{\"@type\":\"EntryPoint\",\"urlTemplate\":\"https:\/\/www.apartmajitopolsica.si\/?s={search_term_string}\"},\"query-input\":{\"@type\":\"PropertyValueSpecification\",\"valueRequired\":true,\"valueName\":\"search_term_string\"}}],\"inLanguage\":\"hr\"},{\"@type\":\"Organization\",\"@id\":\"https:\/\/www.apartmajitopolsica.si\/#organization\",\"name\":\"ApartmajiTopol\u0161ica.si\",\"url\":\"https:\/\/www.apartmajitopolsica.si\/\",\"logo\":{\"@type\":\"ImageObject\",\"inLanguage\":\"hr\",\"@id\":\"https:\/\/www.apartmajitopolsica.si\/#\/schema\/logo\/image\/\",\"url\":\"https:\/\/www.apartmajitopolsica.si\/wp-content\/uploads\/2023\/06\/apartmaji-topolsica-bel-logo-1.png\",\"contentUrl\":\"https:\/\/www.apartmajitopolsica.si\/wp-content\/uploads\/2023\/06\/apartmaji-topolsica-bel-logo-1.png\",\"width\":160,\"height\":70,\"caption\":\"ApartmajiTopol\u0161ica.si\"},\"image\":{\"@id\":\"https:\/\/www.apartmajitopolsica.si\/#\/schema\/logo\/image\/\"}}]}<\/script>\n<!-- \/ Yoast SEO plugin. -->","yoast_head_json":{"title":"Vrijeme - ApartmajiTopol\u0161ica.si","robots":{"index":"index","follow":"follow","max-snippet":"max-snippet:-1","max-image-preview":"max-image-preview:large","max-video-preview":"max-video-preview:-1"},"canonical":"https:\/\/www.apartmajitopolsica.si\/hr\/vrijeme\/","og_locale":"hr_HR","og_type":"article","og_title":"Vrijeme - ApartmajiTopol\u0161ica.si","og_description":"Vrijeme Planirate posjet? \u017delite li prije dolaska provjeriti vremensku prognozu za okolna mjesta? Pogledajte vrijeme u Topol\u0161icu da znate \u0161to mo\u017eete o\u010dekivati. Vidimo se! \ufeff","og_url":"https:\/\/www.apartmajitopolsica.si\/hr\/vrijeme\/","og_site_name":"ApartmajiTopol\u0161ica.si","article_modified_time":"2023-06-16T12:16:42+00:00","twitter_card":"summary_large_image","twitter_misc":{"Procijenjeno vrijeme \u010ditanja":"1 minuta"},"schema":{"@context":"https:\/\/schema.org","@graph":[{"@type":"WebPage","@id":"https:\/\/www.apartmajitopolsica.si\/hr\/vrijeme\/","url":"https:\/\/www.apartmajitopolsica.si\/hr\/vrijeme\/","name":"Vrijeme - ApartmajiTopol\u0161ica.si","isPartOf":{"@id":"https:\/\/www.apartmajitopolsica.si\/#website"},"datePublished":"2022-06-14T12:27:10+00:00","dateModified":"2023-06-16T12:16:42+00:00","breadcrumb":{"@id":"https:\/\/www.apartmajitopolsica.si\/hr\/vrijeme\/#breadcrumb"},"inLanguage":"hr","potentialAction":[{"@type":"ReadAction","target":["https:\/\/www.apartmajitopolsica.si\/hr\/vrijeme\/"]}]},{"@type":"BreadcrumbList","@id":"https:\/\/www.apartmajitopolsica.si\/hr\/vrijeme\/#breadcrumb","itemListElement":[{"@type":"ListItem","position":1,"name":"Home","item":"https:\/\/www.apartmajitopolsica.si\/"},{"@type":"ListItem","position":2,"name":"Vrijeme"}]},{"@type":"WebSite","@id":"https:\/\/www.apartmajitopolsica.si\/#website","url":"https:\/\/www.apartmajitopolsica.si\/","name":"ApartmajiTopol\u0161ica.si","description":"Popolna sprostitev","publisher":{"@id":"https:\/\/www.apartmajitopolsica.si\/#organization"},"potentialAction":[{"@type":"SearchAction","target":{"@type":"EntryPoint","urlTemplate":"https:\/\/www.apartmajitopolsica.si\/?s={search_term_string}"},"query-input":{"@type":"PropertyValueSpecification","valueRequired":true,"valueName":"search_term_string"}}],"inLanguage":"hr"},{"@type":"Organization","@id":"https:\/\/www.apartmajitopolsica.si\/#organization","name":"ApartmajiTopol\u0161ica.si","url":"https:\/\/www.apartmajitopolsica.si\/","logo":{"@type":"ImageObject","inLanguage":"hr","@id":"https:\/\/www.apartmajitopolsica.si\/#\/schema\/logo\/image\/","url":"https:\/\/www.apartmajitopolsica.si\/wp-content\/uploads\/2023\/06\/apartmaji-topolsica-bel-logo-1.png","contentUrl":"https:\/\/www.apartmajitopolsica.si\/wp-content\/uploads\/2023\/06\/apartmaji-topolsica-bel-logo-1.png","width":160,"height":70,"caption":"ApartmajiTopol\u0161ica.si"},"image":{"@id":"https:\/\/www.apartmajitopolsica.si\/#\/schema\/logo\/image\/"}}]}},"_links":{"self":[{"href":"https:\/\/www.apartmajitopolsica.si\/hr\/wp-json\/wp\/v2\/pages\/9258","targetHints":{"allow":["GET"]}}],"collection":[{"href":"https:\/\/www.apartmajitopolsica.si\/hr\/wp-json\/wp\/v2\/pages"}],"about":[{"href":"https:\/\/www.apartmajitopolsica.si\/hr\/wp-json\/wp\/v2\/types\/page"}],"author":[{"embeddable":true,"href":"https:\/\/www.apartmajitopolsica.si\/hr\/wp-json\/wp\/v2\/users\/1"}],"replies":[{"embeddable":true,"href":"https:\/\/www.apartmajitopolsica.si\/hr\/wp-json\/wp\/v2\/comments?post=9258"}],"version-history":[{"count":12,"href":"https:\/\/www.apartmajitopolsica.si\/hr\/wp-json\/wp\/v2\/pages\/9258\/revisions"}],"predecessor-version":[{"id":18086,"href":"https:\/\/www.apartmajitopolsica.si\/hr\/wp-json\/wp\/v2\/pages\/9258\/revisions\/18086"}],"wp:attachment":[{"href":"https:\/\/www.apartmajitopolsica.si\/hr\/wp-json\/wp\/v2\/media?parent=9258"}],"curies":[{"name":"wp","href":"https:\/\/api.w.org\/{rel}","templated":true}]}}